{"id":25,"date":"2012-04-19T10:15:26","date_gmt":"2012-04-19T13:15:26","guid":{"rendered":"http:\/\/iguazujungle.com\/news\/?page_id=25"},"modified":"2012-04-19T10:15:26","modified_gmt":"2012-04-19T13:15:26","slug":"nosotros","status":"publish","type":"page","link":"http:\/\/iguazujungle.com\/news\/?page_id=25","title":{"rendered":"Nosotros"},"content":{"rendered":"<h1>Qui\u00e9nes Somos<\/h1>\n<p>Iguaz\u00fa Jungle es una empresa de ra\u00edces locales que opera en el Parque Nacional Iguaz\u00fa desde 1994. Es la \u00fanica en la Argentina habilitada para navegar en r\u00e1pidos con las caracter\u00edsticas del r\u00edo Iguaz\u00fa y sus paseos n\u00e1uticos son disfrutados por visitantes de todas partes del mundo.<\/p>\n<p>Nuestras actividades se basan en el respeto a la naturaleza y brindan la m\u00e1xima seguridad a trav\u00e9s de embarcaciones especialmente equipadas, con personal experimentado y en permanente capacitaci\u00f3n, pues reconocemos la importancia en el trato con los visitantes mediante la informaci\u00f3n franca y precisa.<\/p>\n<p>Nuestra tarea es facilitar al visitante experiencias memorables interactuando con la naturaleza y la cultura de esta regi\u00f3n tripartita de Am\u00e9rica del Sur (Argentina, Brasil y Paraguay).<\/p>\n<p>Trabajamos supervisados por organismos nacionales e internacionales; tambi\u00e9n certificamos calidad como garant\u00eda de respaldo para la atenci\u00f3n al turista, porque apostamos por la construcci\u00f3n de un destino confiable.<\/p>\n<p>Disponemos de una importante estructura al servicio del visitante y un plantel de predispuestos profesionales ubicados en sectores estrat\u00e9gicos del Parque Nacional Iguaz\u00fa.<\/p>\n","protected":false},"excerpt":{"rendered":"<p>Qui\u00e9nes Somos Iguaz\u00fa Jungle es una empresa de ra\u00edces locales que opera en el Parque Nacional Iguaz\u00fa desde 1994. Es la \u00fanica en la Argentina habilitada para navegar en r\u00e1pidos con las caracter\u00edsticas del r\u00edo Iguaz\u00fa y sus paseos n\u00e1uticos &hellip; <a href=\"http:\/\/iguazujungle.com\/news\/?page_id=25\">Sigue leyendo <span class=\"meta-nav\">&rarr;<\/span><\/a><\/p>\n","protected":false},"author":1,"featured_media":0,"parent":0,"menu_order":0,"comment_status":"closed","ping_status":"closed","template":"","meta":{"footnotes":""},"class_list":["post-25","page","type-page","status-publish","hentry"],"_links":{"self":[{"href":"http:\/\/iguazujungle.com\/news\/index.php?rest_route=\/wp\/v2\/pages\/25","targetHints":{"allow":["GET"]}}],"collection":[{"href":"http:\/\/iguazujungle.com\/news\/index.php?rest_route=\/wp\/v2\/pages"}],"about":[{"href":"http:\/\/iguazujungle.com\/news\/index.php?rest_route=\/wp\/v2\/types\/page"}],"author":[{"embeddable":true,"href":"http:\/\/iguazujungle.com\/news\/index.php?rest_route=\/wp\/v2\/users\/1"}],"replies":[{"embeddable":true,"href":"http:\/\/iguazujungle.com\/news\/index.php?rest_route=%2Fwp%2Fv2%2Fcomments&post=25"}],"version-history":[{"count":1,"href":"http:\/\/iguazujungle.com\/news\/index.php?rest_route=\/wp\/v2\/pages\/25\/revisions"}],"predecessor-version":[{"id":26,"href":"http:\/\/iguazujungle.com\/news\/index.php?rest_route=\/wp\/v2\/pages\/25\/revisions\/26"}],"wp:attachment":[{"href":"http:\/\/iguazujungle.com\/news\/index.php?rest_route=%2Fwp%2Fv2%2Fmedia&parent=25"}],"curies":[{"name":"wp","href":"https:\/\/api.w.org\/{rel}","templated":true}]}}